{"id":13516,"date":"2020-11-18T11:42:10","date_gmt":"2020-11-18T10:42:10","guid":{"rendered":"https:\/\/waves-system.com\/hypersound-2\/"},"modified":"2022-05-10T16:18:18","modified_gmt":"2022-05-10T14:18:18","slug":"hypersound-2","status":"publish","type":"page","link":"https:\/\/waves-system.com\/de\/hypersound-2\/","title":{"rendered":"Hypersound Richtlautsprecher"},"content":{"rendered":"<h2 class=\"wp-block-heading\" id=\"hypersound-ein-ultrashall-richtlautsprecher\">Hypersound, ein Ultrashall Richtlautsprecher<\/h2><hr class=\"wp-block-separator has-css-opacity\"\/><p><strong>HYPERSOUND<\/strong> ist ein <strong>ultra gerichtetes Lautsprecher<\/strong> Setup, das das Audiosignal mithilfe eines Ultraschall-Strahls transportiert. Das Abstrahlverhalten der Richtlautsprecher ist im Gegensatz zu herk\u00f6mmlichen um ein vielfaches gerichteter.<\/p>\n<p>Das Signal wird ausserhalb des <strong>erzeugten Strahls<\/strong> kaum bis gar nicht wahrgenommen, was die <strong>L\u00e4rm<\/strong>&#8211; und <strong>Ger\u00e4uschkontamination<\/strong> der Umgebung minimiert.<\/p>\n<p>Man kann auch anmerken, dass Hypersound perfekt f\u00fcr <strong>Hintergrundmusikprojekte<\/strong> geeignet ist. In einer Ecke platziert, verteilt der Richtlautsprecher den Klang <strong>im ganzen Raum<\/strong>, ohne dass das Publikum die Quelle \u00fcberhaupt wahrnehmen kann. Diese Verwendung ist perfekt f\u00fcr <strong>Verkaufsstellen, Laden, Retail Shop<\/strong>.<\/p>\n<p>Eine weitere Verwendung des Produkts, nat\u00fcrlich die <strong>Sound-Dushe<\/strong>. Die Klangdusche ist perfekt f\u00fcr <strong>Museen<\/strong>. Sie erm\u00f6glicht es, mehrere Bildschirme in einem <strong>Abstand von 1m<\/strong> aufzustellen, ohne dass das Publikum h\u00f6ren kann, was auf dem Bildschirm des Nachbarn l\u00e4uft. Sie erm\u00f6glicht es dem Publikum, eine <strong>umfassende Erfahrung<\/strong> zu haben.<\/p>","protected":false},"excerpt":{"rendered":"<p>Hypersound, ein Ultrashall Richtlautsprecher HYPERSOUND ist ein ultra gerichtetes Lautsprecher Setup, das das Audiosignal mithilfe eines Ultraschall-Strahls transportiert. Das Abstrahlverhalten der Richtlautsprecher ist im Gegensatz zu herk\u00f6mmlichen um ein vielfaches gerichteter. Das Signal wird ausserhalb des erzeugten Strahls kaum bis gar nicht wahrgenommen, was die L\u00e4rm&#8211; und Ger\u00e4uschkontamination der Umgebung minimiert. Man kann auch anmerken, [&hellip;]<\/p>\n","protected":false},"author":7,"featured_media":0,"parent":0,"menu_order":24,"comment_status":"closed","ping_status":"closed","template":"","meta":{"footnotes":""},"class_list":["post-13516","page","type-page","status-publish","hentry"],"yoast_head":"<!-- This site is optimized with the Yoast SEO plugin v24.2 - https:\/\/yoast.com\/wordpress\/plugins\/seo\/ -->\n<title>Hypersound Richtlautsprecher -<\/title>\n<meta name=\"description\" content=\"Beste Ultraschall Richtlautsprecher. Geeignet f\u00fcr Museen, Verkaufsstellen und Freizeitparks. Kann auch als Hintergrundmusik verwendet werden.\" \/>\n<meta name=\"robots\" content=\"index, follow, max-snippet:-1, max-image-preview:large, max-video-preview:-1\" \/>\n<link rel=\"canonical\" href=\"https:\/\/waves-system.com\/hypersound-2\/?lang=de\" \/>\n<meta property=\"og:locale\" content=\"de_DE\" \/>\n<meta property=\"og:type\" content=\"article\" \/>\n<meta property=\"og:title\" content=\"Hypersound Richtlautsprecher -\" \/>\n<meta property=\"og:description\" content=\"Beste Ultraschall Richtlautsprecher. Geeignet f\u00fcr Museen, Verkaufsstellen und Freizeitparks. Kann auch als Hintergrundmusik verwendet werden.\" \/>\n<meta property=\"og:url\" content=\"https:\/\/waves-system.com\/hypersound-2\/?lang=de\" \/>\n<meta property=\"og:site_name\" content=\"Waves system\" \/>\n<meta property=\"article:publisher\" content=\"https:\/\/www.facebook.com\/wavessystem\/\" \/>\n<meta property=\"article:modified_time\" content=\"2022-05-10T14:18:18+00:00\" \/>\n<meta property=\"og:image\" content=\"https:\/\/waves-system.com\/wp-content\/uploads\/2025\/07\/waves-system-logo.jpg\" \/>\n\t<meta property=\"og:image:width\" content=\"1200\" \/>\n\t<meta property=\"og:image:height\" content=\"675\" \/>\n\t<meta property=\"og:image:type\" content=\"image\/jpeg\" \/>\n<meta name=\"twitter:card\" content=\"summary_large_image\" \/>\n<meta name=\"twitter:label1\" content=\"Gesch\u00e4tzte Lesezeit\" \/>\n\t<meta name=\"twitter:data1\" content=\"1\u00a0Minute\" \/>\n<script type=\"application\/ld+json\" class=\"yoast-schema-graph\">{\"@context\":\"https:\/\/schema.org\",\"@graph\":[{\"@type\":\"WebPage\",\"@id\":\"https:\/\/waves-system.com\/hypersound-2\/?lang=de\",\"url\":\"https:\/\/waves-system.com\/hypersound-2\/?lang=de\",\"name\":\"Hypersound Richtlautsprecher -\",\"isPartOf\":{\"@id\":\"https:\/\/waves-system.com\/#website\"},\"datePublished\":\"2020-11-18T10:42:10+00:00\",\"dateModified\":\"2022-05-10T14:18:18+00:00\",\"description\":\"Beste Ultraschall Richtlautsprecher. Geeignet f\u00fcr Museen, Verkaufsstellen und Freizeitparks. Kann auch als Hintergrundmusik verwendet werden.\",\"breadcrumb\":{\"@id\":\"https:\/\/waves-system.com\/hypersound-2\/?lang=de#breadcrumb\"},\"inLanguage\":\"de\",\"potentialAction\":[{\"@type\":\"ReadAction\",\"target\":[\"https:\/\/waves-system.com\/hypersound-2\/?lang=de\"]}]},{\"@type\":\"BreadcrumbList\",\"@id\":\"https:\/\/waves-system.com\/hypersound-2\/?lang=de#breadcrumb\",\"itemListElement\":[{\"@type\":\"ListItem\",\"position\":1,\"name\":\"Accueil\",\"item\":\"https:\/\/waves-system.com\/de\/\"},{\"@type\":\"ListItem\",\"position\":2,\"name\":\"Hypersound Richtlautsprecher\"}]},{\"@type\":\"WebSite\",\"@id\":\"https:\/\/waves-system.com\/#website\",\"url\":\"https:\/\/waves-system.com\/\",\"name\":\"Waves system\",\"description\":\"Smart Solutions for Creative people\",\"publisher\":{\"@id\":\"https:\/\/waves-system.com\/#organization\"},\"potentialAction\":[{\"@type\":\"SearchAction\",\"target\":{\"@type\":\"EntryPoint\",\"urlTemplate\":\"https:\/\/waves-system.com\/?s={search_term_string}\"},\"query-input\":{\"@type\":\"PropertyValueSpecification\",\"valueRequired\":true,\"valueName\":\"search_term_string\"}}],\"inLanguage\":\"de\"},{\"@type\":\"Organization\",\"@id\":\"https:\/\/waves-system.com\/#organization\",\"name\":\"Waves system\",\"url\":\"https:\/\/waves-system.com\/\",\"logo\":{\"@type\":\"ImageObject\",\"inLanguage\":\"de\",\"@id\":\"https:\/\/waves-system.com\/#\/schema\/logo\/image\/\",\"url\":\"https:\/\/waves-system.com\/wp-content\/uploads\/2024\/02\/Waves-system_LOGO-SEUL_NOIR_RVB.png\",\"contentUrl\":\"https:\/\/waves-system.com\/wp-content\/uploads\/2024\/02\/Waves-system_LOGO-SEUL_NOIR_RVB.png\",\"width\":827,\"height\":466,\"caption\":\"Waves system\"},\"image\":{\"@id\":\"https:\/\/waves-system.com\/#\/schema\/logo\/image\/\"},\"sameAs\":[\"https:\/\/www.facebook.com\/wavessystem\/\",\"https:\/\/www.linkedin.com\/company\/waves-system\/\"]}]}<\/script>\n<!-- \/ Yoast SEO plugin. -->","yoast_head_json":{"title":"Hypersound Richtlautsprecher -","description":"Beste Ultraschall Richtlautsprecher. Geeignet f\u00fcr Museen, Verkaufsstellen und Freizeitparks. Kann auch als Hintergrundmusik verwendet werden.","robots":{"index":"index","follow":"follow","max-snippet":"max-snippet:-1","max-image-preview":"max-image-preview:large","max-video-preview":"max-video-preview:-1"},"canonical":"https:\/\/waves-system.com\/hypersound-2\/?lang=de","og_locale":"de_DE","og_type":"article","og_title":"Hypersound Richtlautsprecher -","og_description":"Beste Ultraschall Richtlautsprecher. Geeignet f\u00fcr Museen, Verkaufsstellen und Freizeitparks. Kann auch als Hintergrundmusik verwendet werden.","og_url":"https:\/\/waves-system.com\/hypersound-2\/?lang=de","og_site_name":"Waves system","article_publisher":"https:\/\/www.facebook.com\/wavessystem\/","article_modified_time":"2022-05-10T14:18:18+00:00","og_image":[{"width":1200,"height":675,"url":"https:\/\/waves-system.com\/wp-content\/uploads\/2025\/07\/waves-system-logo.jpg","type":"image\/jpeg"}],"twitter_card":"summary_large_image","twitter_misc":{"Gesch\u00e4tzte Lesezeit":"1\u00a0Minute"},"schema":{"@context":"https:\/\/schema.org","@graph":[{"@type":"WebPage","@id":"https:\/\/waves-system.com\/hypersound-2\/?lang=de","url":"https:\/\/waves-system.com\/hypersound-2\/?lang=de","name":"Hypersound Richtlautsprecher -","isPartOf":{"@id":"https:\/\/waves-system.com\/#website"},"datePublished":"2020-11-18T10:42:10+00:00","dateModified":"2022-05-10T14:18:18+00:00","description":"Beste Ultraschall Richtlautsprecher. Geeignet f\u00fcr Museen, Verkaufsstellen und Freizeitparks. Kann auch als Hintergrundmusik verwendet werden.","breadcrumb":{"@id":"https:\/\/waves-system.com\/hypersound-2\/?lang=de#breadcrumb"},"inLanguage":"de","potentialAction":[{"@type":"ReadAction","target":["https:\/\/waves-system.com\/hypersound-2\/?lang=de"]}]},{"@type":"BreadcrumbList","@id":"https:\/\/waves-system.com\/hypersound-2\/?lang=de#breadcrumb","itemListElement":[{"@type":"ListItem","position":1,"name":"Accueil","item":"https:\/\/waves-system.com\/de\/"},{"@type":"ListItem","position":2,"name":"Hypersound Richtlautsprecher"}]},{"@type":"WebSite","@id":"https:\/\/waves-system.com\/#website","url":"https:\/\/waves-system.com\/","name":"Waves system","description":"Smart Solutions for Creative people","publisher":{"@id":"https:\/\/waves-system.com\/#organization"},"potentialAction":[{"@type":"SearchAction","target":{"@type":"EntryPoint","urlTemplate":"https:\/\/waves-system.com\/?s={search_term_string}"},"query-input":{"@type":"PropertyValueSpecification","valueRequired":true,"valueName":"search_term_string"}}],"inLanguage":"de"},{"@type":"Organization","@id":"https:\/\/waves-system.com\/#organization","name":"Waves system","url":"https:\/\/waves-system.com\/","logo":{"@type":"ImageObject","inLanguage":"de","@id":"https:\/\/waves-system.com\/#\/schema\/logo\/image\/","url":"https:\/\/waves-system.com\/wp-content\/uploads\/2024\/02\/Waves-system_LOGO-SEUL_NOIR_RVB.png","contentUrl":"https:\/\/waves-system.com\/wp-content\/uploads\/2024\/02\/Waves-system_LOGO-SEUL_NOIR_RVB.png","width":827,"height":466,"caption":"Waves system"},"image":{"@id":"https:\/\/waves-system.com\/#\/schema\/logo\/image\/"},"sameAs":["https:\/\/www.facebook.com\/wavessystem\/","https:\/\/www.linkedin.com\/company\/waves-system\/"]}]}},"_links":{"self":[{"href":"https:\/\/waves-system.com\/de\/wp-json\/wp\/v2\/pages\/13516","targetHints":{"allow":["GET"]}}],"collection":[{"href":"https:\/\/waves-system.com\/de\/wp-json\/wp\/v2\/pages"}],"about":[{"href":"https:\/\/waves-system.com\/de\/wp-json\/wp\/v2\/types\/page"}],"author":[{"embeddable":true,"href":"https:\/\/waves-system.com\/de\/wp-json\/wp\/v2\/users\/7"}],"replies":[{"embeddable":true,"href":"https:\/\/waves-system.com\/de\/wp-json\/wp\/v2\/comments?post=13516"}],"version-history":[{"count":4,"href":"https:\/\/waves-system.com\/de\/wp-json\/wp\/v2\/pages\/13516\/revisions"}],"predecessor-version":[{"id":15198,"href":"https:\/\/waves-system.com\/de\/wp-json\/wp\/v2\/pages\/13516\/revisions\/15198"}],"wp:attachment":[{"href":"https:\/\/waves-system.com\/de\/wp-json\/wp\/v2\/media?parent=13516"}],"curies":[{"name":"wp","href":"https:\/\/api.w.org\/{rel}","templated":true}]}}