{"id":13566,"date":"2020-11-18T11:29:49","date_gmt":"2020-11-18T10:29:49","guid":{"rendered":"https:\/\/waves-system.com\/video-players\/"},"modified":"2021-12-10T12:08:27","modified_gmt":"2021-12-10T11:08:27","slug":"interaktive-video-player-mit-programmierung","status":"publish","type":"page","link":"https:\/\/waves-system.com\/de\/interaktive-video-player-mit-programmierung\/","title":{"rendered":"Video players"},"content":{"rendered":"<h2>Interaktive Video Player mit Programmierung<\/h2>\n<p>Die Palette der interaktive Video player mit Programmierung ist f\u00fcr die Medien\u00fcbertragung in Museen, im Einzelhandel, im Fitnessbereich und in \u00f6ffentlichen Bereichen bestimmt. Alle Ihre Szenarien sind machbar! Interagieren Sie mit den Playern \u00fcber Trockenkontakt, TCP-Anforderung, Touchscreen, HTTP-Anforderung, RS-232 und lassen Sie Ihre Fantasie die besten AV-Erlebnisse schaffen.<\/p>\n<h2><img loading=\"lazy\" decoding=\"async\" class=\"alignnone size-medium wp-image-13191\" src=\"https:\/\/waves-system.com\/wp-content\/uploads\/2021\/01\/espace-dcouvrir-terre-destuaire-aurlien-mahot-terre-destuaire-28-1-scaled-700x400-1-300x171.jpg\" alt=\"\u00e9cran tactile coupl\u00e9 \u00e0 lecteur vid\u00e9o\" width=\"300\" height=\"171\" srcset=\"https:\/\/waves-system.com\/wp-content\/uploads\/2021\/01\/espace-dcouvrir-terre-destuaire-aurlien-mahot-terre-destuaire-28-1-scaled-700x400-1-300x171.jpg 300w, https:\/\/waves-system.com\/wp-content\/uploads\/2021\/01\/espace-dcouvrir-terre-destuaire-aurlien-mahot-terre-destuaire-28-1-scaled-700x400-1-600x343.jpg 600w, https:\/\/waves-system.com\/wp-content\/uploads\/2021\/01\/espace-dcouvrir-terre-destuaire-aurlien-mahot-terre-destuaire-28-1-scaled-700x400-1-64x37.jpg 64w, https:\/\/waves-system.com\/wp-content\/uploads\/2021\/01\/espace-dcouvrir-terre-destuaire-aurlien-mahot-terre-destuaire-28-1-scaled-700x400-1.jpg 700w\" sizes=\"auto, (max-width: 300px) 100vw, 300px\" \/><\/h2>\n<h2>Sie k\u00f6nnen mit HTML-Programmierfunktionen von jedem Player alles machen<\/h2>\n<p>Ein eingebetteter Webserver zeigt Webseiten an, um eine einfache Fernsteuerung auf jedem angeschlossenen Ger\u00e4t wie Tablets und Smartphone zu erm\u00f6glichen. Der Videoinhalt kann mit einer HTML-Seite vergr\u00f6\u00dfert werden. Bei der Programmierung der Player k\u00f6nnen Sie in jedem av-Szenario erfolgreich sein.<\/p>\n<h2>Unbegrenzte Funktionalit\u00e4ten<\/h2>\n<ul>\n<li>Autoplay beim Einschalten,<\/li>\n<li>Planen Sie Inhalte,<\/li>\n<li>Ausl\u00f6sen durch Trockenkontakte, Touchscreen, Automatisieren, von jedem Web browser aus&#8230;<\/li>\n<li>Perfekte Schleife, zuf\u00e4llig, sequentiell, nach Kalender,<\/li>\n<li>Anzeige von Webseiten,<\/li>\n<li>Kompatibel mit allen Arten von Bildschirmen,<\/li>\n<li>\u00dcberwachung von Videoprojektoren ein\/aus,<\/li>\n<li>Ausgang mit MOSFET-Befehl zur Ansteuerung externer Ger\u00e4te wie Motoren, Verst\u00e4rker, Lichter,<\/li>\n<li>Eingebauter Verst\u00e4rker zum Abh\u00f6ren der Umgebung,<\/li>\n<li>Verwalten des Touchscreens von Touch-Terminals,<\/li>\n<li>Eingebettete Remote-Administrationskonsole zur Konfiguration des Players und zur Fernaktualisierung von Inhalten,<\/li>\n<li>Verwaltung und \u00c4nderung von Untertiteldateien im laufenden Betrieb,<\/li>\n<li>Kompatibilit\u00e4t mit allen Sensoren des Portfolios.<\/li>\n<\/ul>\n<h2>Lassen Sie sich vom Hersteller beraten und unterst\u00fctzen<\/h2>\n<p>Unsere technischen Teams beraten Sie, um die richtigen Interaktive Video-Player mit Programmierung f\u00fcr Ihr Szenario zu finden. Wir unterst\u00fctzen unsere Kunden bei der Programmierung von Szenarien und k\u00f6nnen diese auch f\u00fcr sie erstellen.<\/p>\n<p>Jeder Player wird mit ein Fernbedienung verkauft.<\/p>\n","protected":false},"excerpt":{"rendered":"<p>Interaktive Video Player mit Programmierung Die Palette der interaktive Video player mit Programmierung ist f\u00fcr die Medien\u00fcbertragung in Museen, im Einzelhandel, im Fitnessbereich und in \u00f6ffentlichen Bereichen bestimmt. Alle Ihre Szenarien sind machbar! Interagieren Sie mit den Playern \u00fcber Trockenkontakt, TCP-Anforderung, Touchscreen, HTTP-Anforderung, RS-232 und lassen Sie Ihre Fantasie die besten AV-Erlebnisse schaffen. Sie k\u00f6nnen [&hellip;]<\/p>\n","protected":false},"author":7,"featured_media":0,"parent":0,"menu_order":31,"comment_status":"closed","ping_status":"closed","template":"","meta":{"footnotes":""},"class_list":["post-13566","page","type-page","status-publish","hentry"],"yoast_head":"<!-- This site is optimized with the Yoast SEO plugin v24.2 - https:\/\/yoast.com\/wordpress\/plugins\/seo\/ -->\n<title>Interaktive Video Player mit Programmierung | Waves system<\/title>\n<meta name=\"description\" content=\"Unser interaktive Video Player mit Programmierung ist perfekt f\u00fcr die Synchronisation der Abspielung Ihrer Audio- und Videodateien.\" \/>\n<meta name=\"robots\" content=\"index, follow, max-snippet:-1, max-image-preview:large, max-video-preview:-1\" \/>\n<link rel=\"canonical\" href=\"https:\/\/waves-system.com\/interaktive-video-player-mit-programmierung\/?lang=de\" \/>\n<meta property=\"og:locale\" content=\"de_DE\" \/>\n<meta property=\"og:type\" content=\"article\" \/>\n<meta property=\"og:title\" content=\"Interaktive Video Player mit Programmierung | Waves system\" \/>\n<meta property=\"og:description\" content=\"Unser interaktive Video Player mit Programmierung ist perfekt f\u00fcr die Synchronisation der Abspielung Ihrer Audio- und Videodateien.\" \/>\n<meta property=\"og:url\" content=\"https:\/\/waves-system.com\/interaktive-video-player-mit-programmierung\/?lang=de\" \/>\n<meta property=\"og:site_name\" content=\"Waves system\" \/>\n<meta property=\"article:publisher\" content=\"https:\/\/www.facebook.com\/wavessystem\/\" \/>\n<meta property=\"article:modified_time\" content=\"2021-12-10T11:08:27+00:00\" \/>\n<meta property=\"og:image\" content=\"https:\/\/waves-system.com\/wp-content\/uploads\/2021\/01\/espace-dcouvrir-terre-destuaire-aurlien-mahot-terre-destuaire-28-1-scaled-700x400-1-300x171.jpg\" \/>\n<meta name=\"twitter:card\" content=\"summary_large_image\" \/>\n<meta name=\"twitter:label1\" content=\"Gesch\u00e4tzte Lesezeit\" \/>\n\t<meta name=\"twitter:data1\" content=\"2\u00a0Minuten\" \/>\n<script type=\"application\/ld+json\" class=\"yoast-schema-graph\">{\"@context\":\"https:\/\/schema.org\",\"@graph\":[{\"@type\":\"WebPage\",\"@id\":\"https:\/\/waves-system.com\/interaktive-video-player-mit-programmierung\/?lang=de\",\"url\":\"https:\/\/waves-system.com\/interaktive-video-player-mit-programmierung\/?lang=de\",\"name\":\"Interaktive Video Player mit Programmierung | Waves system\",\"isPartOf\":{\"@id\":\"https:\/\/waves-system.com\/#website\"},\"primaryImageOfPage\":{\"@id\":\"https:\/\/waves-system.com\/interaktive-video-player-mit-programmierung\/?lang=de#primaryimage\"},\"image\":{\"@id\":\"https:\/\/waves-system.com\/interaktive-video-player-mit-programmierung\/?lang=de#primaryimage\"},\"thumbnailUrl\":\"https:\/\/waves-system.com\/wp-content\/uploads\/2021\/01\/espace-dcouvrir-terre-destuaire-aurlien-mahot-terre-destuaire-28-1-scaled-700x400-1-300x171.jpg\",\"datePublished\":\"2020-11-18T10:29:49+00:00\",\"dateModified\":\"2021-12-10T11:08:27+00:00\",\"description\":\"Unser interaktive Video Player mit Programmierung ist perfekt f\u00fcr die Synchronisation der Abspielung Ihrer Audio- und Videodateien.\",\"breadcrumb\":{\"@id\":\"https:\/\/waves-system.com\/interaktive-video-player-mit-programmierung\/?lang=de#breadcrumb\"},\"inLanguage\":\"de\",\"potentialAction\":[{\"@type\":\"ReadAction\",\"target\":[\"https:\/\/waves-system.com\/interaktive-video-player-mit-programmierung\/?lang=de\"]}]},{\"@type\":\"ImageObject\",\"inLanguage\":\"de\",\"@id\":\"https:\/\/waves-system.com\/interaktive-video-player-mit-programmierung\/?lang=de#primaryimage\",\"url\":\"https:\/\/waves-system.com\/wp-content\/uploads\/2021\/01\/espace-dcouvrir-terre-destuaire-aurlien-mahot-terre-destuaire-28-1-scaled-700x400-1-300x171.jpg\",\"contentUrl\":\"https:\/\/waves-system.com\/wp-content\/uploads\/2021\/01\/espace-dcouvrir-terre-destuaire-aurlien-mahot-terre-destuaire-28-1-scaled-700x400-1-300x171.jpg\"},{\"@type\":\"BreadcrumbList\",\"@id\":\"https:\/\/waves-system.com\/interaktive-video-player-mit-programmierung\/?lang=de#breadcrumb\",\"itemListElement\":[{\"@type\":\"ListItem\",\"position\":1,\"name\":\"Accueil\",\"item\":\"https:\/\/waves-system.com\/de\/\"},{\"@type\":\"ListItem\",\"position\":2,\"name\":\"Video players\"}]},{\"@type\":\"WebSite\",\"@id\":\"https:\/\/waves-system.com\/#website\",\"url\":\"https:\/\/waves-system.com\/\",\"name\":\"Waves system\",\"description\":\"Smart Solutions for Creative people\",\"publisher\":{\"@id\":\"https:\/\/waves-system.com\/#organization\"},\"potentialAction\":[{\"@type\":\"SearchAction\",\"target\":{\"@type\":\"EntryPoint\",\"urlTemplate\":\"https:\/\/waves-system.com\/?s={search_term_string}\"},\"query-input\":{\"@type\":\"PropertyValueSpecification\",\"valueRequired\":true,\"valueName\":\"search_term_string\"}}],\"inLanguage\":\"de\"},{\"@type\":\"Organization\",\"@id\":\"https:\/\/waves-system.com\/#organization\",\"name\":\"Waves system\",\"url\":\"https:\/\/waves-system.com\/\",\"logo\":{\"@type\":\"ImageObject\",\"inLanguage\":\"de\",\"@id\":\"https:\/\/waves-system.com\/#\/schema\/logo\/image\/\",\"url\":\"https:\/\/waves-system.com\/wp-content\/uploads\/2024\/02\/Waves-system_LOGO-SEUL_NOIR_RVB.png\",\"contentUrl\":\"https:\/\/waves-system.com\/wp-content\/uploads\/2024\/02\/Waves-system_LOGO-SEUL_NOIR_RVB.png\",\"width\":827,\"height\":466,\"caption\":\"Waves system\"},\"image\":{\"@id\":\"https:\/\/waves-system.com\/#\/schema\/logo\/image\/\"},\"sameAs\":[\"https:\/\/www.facebook.com\/wavessystem\/\",\"https:\/\/www.linkedin.com\/company\/waves-system\/\"]}]}<\/script>\n<!-- \/ Yoast SEO plugin. -->","yoast_head_json":{"title":"Interaktive Video Player mit Programmierung | Waves system","description":"Unser interaktive Video Player mit Programmierung ist perfekt f\u00fcr die Synchronisation der Abspielung Ihrer Audio- und Videodateien.","robots":{"index":"index","follow":"follow","max-snippet":"max-snippet:-1","max-image-preview":"max-image-preview:large","max-video-preview":"max-video-preview:-1"},"canonical":"https:\/\/waves-system.com\/interaktive-video-player-mit-programmierung\/?lang=de","og_locale":"de_DE","og_type":"article","og_title":"Interaktive Video Player mit Programmierung | Waves system","og_description":"Unser interaktive Video Player mit Programmierung ist perfekt f\u00fcr die Synchronisation der Abspielung Ihrer Audio- und Videodateien.","og_url":"https:\/\/waves-system.com\/interaktive-video-player-mit-programmierung\/?lang=de","og_site_name":"Waves system","article_publisher":"https:\/\/www.facebook.com\/wavessystem\/","article_modified_time":"2021-12-10T11:08:27+00:00","og_image":[{"url":"https:\/\/waves-system.com\/wp-content\/uploads\/2021\/01\/espace-dcouvrir-terre-destuaire-aurlien-mahot-terre-destuaire-28-1-scaled-700x400-1-300x171.jpg","type":"","width":"","height":""}],"twitter_card":"summary_large_image","twitter_misc":{"Gesch\u00e4tzte Lesezeit":"2\u00a0Minuten"},"schema":{"@context":"https:\/\/schema.org","@graph":[{"@type":"WebPage","@id":"https:\/\/waves-system.com\/interaktive-video-player-mit-programmierung\/?lang=de","url":"https:\/\/waves-system.com\/interaktive-video-player-mit-programmierung\/?lang=de","name":"Interaktive Video Player mit Programmierung | Waves system","isPartOf":{"@id":"https:\/\/waves-system.com\/#website"},"primaryImageOfPage":{"@id":"https:\/\/waves-system.com\/interaktive-video-player-mit-programmierung\/?lang=de#primaryimage"},"image":{"@id":"https:\/\/waves-system.com\/interaktive-video-player-mit-programmierung\/?lang=de#primaryimage"},"thumbnailUrl":"https:\/\/waves-system.com\/wp-content\/uploads\/2021\/01\/espace-dcouvrir-terre-destuaire-aurlien-mahot-terre-destuaire-28-1-scaled-700x400-1-300x171.jpg","datePublished":"2020-11-18T10:29:49+00:00","dateModified":"2021-12-10T11:08:27+00:00","description":"Unser interaktive Video Player mit Programmierung ist perfekt f\u00fcr die Synchronisation der Abspielung Ihrer Audio- und Videodateien.","breadcrumb":{"@id":"https:\/\/waves-system.com\/interaktive-video-player-mit-programmierung\/?lang=de#breadcrumb"},"inLanguage":"de","potentialAction":[{"@type":"ReadAction","target":["https:\/\/waves-system.com\/interaktive-video-player-mit-programmierung\/?lang=de"]}]},{"@type":"ImageObject","inLanguage":"de","@id":"https:\/\/waves-system.com\/interaktive-video-player-mit-programmierung\/?lang=de#primaryimage","url":"https:\/\/waves-system.com\/wp-content\/uploads\/2021\/01\/espace-dcouvrir-terre-destuaire-aurlien-mahot-terre-destuaire-28-1-scaled-700x400-1-300x171.jpg","contentUrl":"https:\/\/waves-system.com\/wp-content\/uploads\/2021\/01\/espace-dcouvrir-terre-destuaire-aurlien-mahot-terre-destuaire-28-1-scaled-700x400-1-300x171.jpg"},{"@type":"BreadcrumbList","@id":"https:\/\/waves-system.com\/interaktive-video-player-mit-programmierung\/?lang=de#breadcrumb","itemListElement":[{"@type":"ListItem","position":1,"name":"Accueil","item":"https:\/\/waves-system.com\/de\/"},{"@type":"ListItem","position":2,"name":"Video players"}]},{"@type":"WebSite","@id":"https:\/\/waves-system.com\/#website","url":"https:\/\/waves-system.com\/","name":"Waves system","description":"Smart Solutions for Creative people","publisher":{"@id":"https:\/\/waves-system.com\/#organization"},"potentialAction":[{"@type":"SearchAction","target":{"@type":"EntryPoint","urlTemplate":"https:\/\/waves-system.com\/?s={search_term_string}"},"query-input":{"@type":"PropertyValueSpecification","valueRequired":true,"valueName":"search_term_string"}}],"inLanguage":"de"},{"@type":"Organization","@id":"https:\/\/waves-system.com\/#organization","name":"Waves system","url":"https:\/\/waves-system.com\/","logo":{"@type":"ImageObject","inLanguage":"de","@id":"https:\/\/waves-system.com\/#\/schema\/logo\/image\/","url":"https:\/\/waves-system.com\/wp-content\/uploads\/2024\/02\/Waves-system_LOGO-SEUL_NOIR_RVB.png","contentUrl":"https:\/\/waves-system.com\/wp-content\/uploads\/2024\/02\/Waves-system_LOGO-SEUL_NOIR_RVB.png","width":827,"height":466,"caption":"Waves system"},"image":{"@id":"https:\/\/waves-system.com\/#\/schema\/logo\/image\/"},"sameAs":["https:\/\/www.facebook.com\/wavessystem\/","https:\/\/www.linkedin.com\/company\/waves-system\/"]}]}},"_links":{"self":[{"href":"https:\/\/waves-system.com\/de\/wp-json\/wp\/v2\/pages\/13566","targetHints":{"allow":["GET"]}}],"collection":[{"href":"https:\/\/waves-system.com\/de\/wp-json\/wp\/v2\/pages"}],"about":[{"href":"https:\/\/waves-system.com\/de\/wp-json\/wp\/v2\/types\/page"}],"author":[{"embeddable":true,"href":"https:\/\/waves-system.com\/de\/wp-json\/wp\/v2\/users\/7"}],"replies":[{"embeddable":true,"href":"https:\/\/waves-system.com\/de\/wp-json\/wp\/v2\/comments?post=13566"}],"version-history":[{"count":5,"href":"https:\/\/waves-system.com\/de\/wp-json\/wp\/v2\/pages\/13566\/revisions"}],"predecessor-version":[{"id":13927,"href":"https:\/\/waves-system.com\/de\/wp-json\/wp\/v2\/pages\/13566\/revisions\/13927"}],"wp:attachment":[{"href":"https:\/\/waves-system.com\/de\/wp-json\/wp\/v2\/media?parent=13566"}],"curies":[{"name":"wp","href":"https:\/\/api.w.org\/{rel}","templated":true}]}}