{"id":13568,"date":"2020-11-18T11:25:36","date_gmt":"2020-11-18T10:25:36","guid":{"rendered":"https:\/\/waves-system.com\/audio-players\/"},"modified":"2024-06-18T11:43:54","modified_gmt":"2024-06-18T09:43:54","slug":"audio-player","status":"publish","type":"page","link":"https:\/\/waves-system.com\/de\/audio-player\/","title":{"rendered":"Audio players"},"content":{"rendered":"<h2>Standalone Audio player mit Triggerung<\/h2>\n<p>Sie brauchen eine Hintergrundmusik, die in einem bestimmten Zeitfenster abgespielt wird? Oder eine Nachricht auf die Triggerung eines Besuchers? In unserem Katalog finden Sie notwendigerweise einen Audio player mit Triggerung, der Ihren Bed\u00fcrfnissen entspricht.<\/p>\n<h2>Planen Sie die Wiedergabe von Inhalten<\/h2>\n<p>.<br \/>\n<img loading=\"lazy\" decoding=\"async\" class=\"aligncenter wp-image-14537\" src=\"https:\/\/waves-system.com\/wp-content\/uploads\/2021\/12\/glass-2557577-1024x683.jpg\" alt=\"Audioplayer mit Triggerung f\u00fcr alle Ihre Audioszenarien.\" width=\"738\" height=\"492\" srcset=\"https:\/\/waves-system.com\/wp-content\/uploads\/2021\/12\/glass-2557577-1024x683.jpg 1024w, https:\/\/waves-system.com\/wp-content\/uploads\/2021\/12\/glass-2557577-600x400.jpg 600w, https:\/\/waves-system.com\/wp-content\/uploads\/2021\/12\/glass-2557577-scaled-64x43.jpg 64w, https:\/\/waves-system.com\/wp-content\/uploads\/2021\/12\/glass-2557577-300x200.jpg 300w, https:\/\/waves-system.com\/wp-content\/uploads\/2021\/12\/glass-2557577-768x512.jpg 768w, https:\/\/waves-system.com\/wp-content\/uploads\/2021\/12\/glass-2557577-1536x1024.jpg 1536w, https:\/\/waves-system.com\/wp-content\/uploads\/2021\/12\/glass-2557577-2048x1366.jpg 2048w\" sizes=\"auto, (max-width: 738px) 100vw, 738px\" \/><br \/>\nW\u00e4hlen Sie einen Audio-Player mit Trigger aus MyMusicPlayer, MyMusicPlayer Le, um Ihre Nachrichten und Musik zu einer bestimmten Zeit abzuspielen. Die Player enthalten eine pr\u00e4zise Batterie, die die Zeitgenauigkeit an jedem Ort aufrechterh\u00e4lt.<\/p>\n<h2>Streuen Sie Inhalte auf einen Ausl\u00f6ser<\/h2>\n<p>Die Nanoplayerbox eignet sich f\u00fcr einfache Vertr\u00e4ge, um einen Inhalt beim Einschalten und einen zweiten auf einem Eingangskontakt auszul\u00f6sen.\u00a0 Ihr eingebauter Verst\u00e4rker macht sie zum meistverkauften All-in-One-Produkt auf dem Markt. Schlie\u00dfen Sie einen unserer Druckkn\u00f6pfe oder einen Anwesenheitssensor an, um eine schnelle und einfache Installation zu erm\u00f6glichen.<\/p>\n<p>Sie ben\u00f6tigen mehr Ausl\u00f6sungen? Dann nutzen Sie den Microplayer, der bis zu 15 Eingangskontakte aufnehmen kann. Er verf\u00fcgt au\u00dferdem \u00fcber zwei Ausgangskontakte, die einen Leuchtknopf mit Strom versorgen oder Befehle an die Verst\u00e4rker senden k\u00f6nnen.<\/p>\n<p>Die Programmierung der Szenarien erfolgt ganz einfach ohne Software von Drittanbietern \u00fcber Ihren Computer.<\/p>\n<h2>Sie k\u00f6nnen von der Beratung und dem Support des Herstellers f\u00fcr Ihren Audioplayer mit Triggerung profitieren<\/h2>\n<p>Unsere technischen Teams beraten Sie bei der optimalen Auswahl von Audioplayern mit Triggerung. Wir unterst\u00fctzen unsere Kunden bei der Programmierung der Szenarien und erstellen f\u00fcr Sie auch die komplexesten Szenarien. Die Player werden in Frankreich hergestellt und haben eine dreij\u00e4hrige Garantie.<\/p>\n<p>Jeder Player wird mit einem Netzteil geliefert.<\/p>\n","protected":false},"excerpt":{"rendered":"<p>Standalone Audio player mit Triggerung Sie brauchen eine Hintergrundmusik, die in einem bestimmten Zeitfenster abgespielt wird? Oder eine Nachricht auf die Triggerung eines Besuchers? In unserem Katalog finden Sie notwendigerweise einen Audio player mit Triggerung, der Ihren Bed\u00fcrfnissen entspricht. Planen Sie die Wiedergabe von Inhalten . W\u00e4hlen Sie einen Audio-Player mit Trigger aus MyMusicPlayer, MyMusicPlayer [&hellip;]<\/p>\n","protected":false},"author":7,"featured_media":0,"parent":0,"menu_order":29,"comment_status":"closed","ping_status":"closed","template":"","meta":{"footnotes":""},"class_list":["post-13568","page","type-page","status-publish","hentry"],"yoast_head":"<!-- This site is optimized with the Yoast SEO plugin v24.2 - https:\/\/yoast.com\/wordpress\/plugins\/seo\/ -->\n<title>Audio player mit Triggerung - Waves system<\/title>\n<meta name=\"description\" content=\"L\u00f6sen Sie Audioinhalte ganz einfach mit einem eigenst\u00e4ndigen Audio player mit Triggerung. Hintergrundmusik, Audiokiosk, Beschallung.\" \/>\n<meta name=\"robots\" content=\"index, follow, max-snippet:-1, max-image-preview:large, max-video-preview:-1\" \/>\n<link rel=\"canonical\" href=\"https:\/\/waves-system.com\/de\/audio-player\/\" \/>\n<meta property=\"og:locale\" content=\"de_DE\" \/>\n<meta property=\"og:type\" content=\"article\" \/>\n<meta property=\"og:title\" content=\"Audio player mit Triggerung - Waves system\" \/>\n<meta property=\"og:description\" content=\"L\u00f6sen Sie Audioinhalte ganz einfach mit einem eigenst\u00e4ndigen Audio player mit Triggerung. Hintergrundmusik, Audiokiosk, Beschallung.\" \/>\n<meta property=\"og:url\" content=\"https:\/\/waves-system.com\/de\/audio-player\/\" \/>\n<meta property=\"og:site_name\" content=\"Waves system\" \/>\n<meta property=\"article:publisher\" content=\"https:\/\/www.facebook.com\/wavessystem\/\" \/>\n<meta property=\"article:modified_time\" content=\"2024-06-18T09:43:54+00:00\" \/>\n<meta property=\"og:image\" content=\"https:\/\/waves-system.com\/wp-content\/uploads\/2021\/12\/glass-2557577-1024x683.jpg\" \/>\n<meta name=\"twitter:card\" content=\"summary_large_image\" \/>\n<meta name=\"twitter:label1\" content=\"Gesch\u00e4tzte Lesezeit\" \/>\n\t<meta name=\"twitter:data1\" content=\"3\u00a0Minuten\" \/>\n<script type=\"application\/ld+json\" class=\"yoast-schema-graph\">{\"@context\":\"https:\/\/schema.org\",\"@graph\":[{\"@type\":\"WebPage\",\"@id\":\"https:\/\/waves-system.com\/de\/audio-player\/\",\"url\":\"https:\/\/waves-system.com\/de\/audio-player\/\",\"name\":\"Audio player mit Triggerung - Waves system\",\"isPartOf\":{\"@id\":\"https:\/\/waves-system.com\/#website\"},\"primaryImageOfPage\":{\"@id\":\"https:\/\/waves-system.com\/de\/audio-player\/#primaryimage\"},\"image\":{\"@id\":\"https:\/\/waves-system.com\/de\/audio-player\/#primaryimage\"},\"thumbnailUrl\":\"https:\/\/waves-system.com\/wp-content\/uploads\/2021\/12\/glass-2557577-1024x683.jpg\",\"datePublished\":\"2020-11-18T10:25:36+00:00\",\"dateModified\":\"2024-06-18T09:43:54+00:00\",\"description\":\"L\u00f6sen Sie Audioinhalte ganz einfach mit einem eigenst\u00e4ndigen Audio player mit Triggerung. Hintergrundmusik, Audiokiosk, Beschallung.\",\"breadcrumb\":{\"@id\":\"https:\/\/waves-system.com\/de\/audio-player\/#breadcrumb\"},\"inLanguage\":\"de\",\"potentialAction\":[{\"@type\":\"ReadAction\",\"target\":[\"https:\/\/waves-system.com\/de\/audio-player\/\"]}]},{\"@type\":\"ImageObject\",\"inLanguage\":\"de\",\"@id\":\"https:\/\/waves-system.com\/de\/audio-player\/#primaryimage\",\"url\":\"https:\/\/waves-system.com\/wp-content\/uploads\/2021\/12\/glass-2557577-1024x683.jpg\",\"contentUrl\":\"https:\/\/waves-system.com\/wp-content\/uploads\/2021\/12\/glass-2557577-1024x683.jpg\"},{\"@type\":\"BreadcrumbList\",\"@id\":\"https:\/\/waves-system.com\/de\/audio-player\/#breadcrumb\",\"itemListElement\":[{\"@type\":\"ListItem\",\"position\":1,\"name\":\"Accueil\",\"item\":\"https:\/\/waves-system.com\/de\/\"},{\"@type\":\"ListItem\",\"position\":2,\"name\":\"Audio players\"}]},{\"@type\":\"WebSite\",\"@id\":\"https:\/\/waves-system.com\/#website\",\"url\":\"https:\/\/waves-system.com\/\",\"name\":\"Waves system\",\"description\":\"Smart Solutions for Creative people\",\"publisher\":{\"@id\":\"https:\/\/waves-system.com\/#organization\"},\"potentialAction\":[{\"@type\":\"SearchAction\",\"target\":{\"@type\":\"EntryPoint\",\"urlTemplate\":\"https:\/\/waves-system.com\/?s={search_term_string}\"},\"query-input\":{\"@type\":\"PropertyValueSpecification\",\"valueRequired\":true,\"valueName\":\"search_term_string\"}}],\"inLanguage\":\"de\"},{\"@type\":\"Organization\",\"@id\":\"https:\/\/waves-system.com\/#organization\",\"name\":\"Waves system\",\"url\":\"https:\/\/waves-system.com\/\",\"logo\":{\"@type\":\"ImageObject\",\"inLanguage\":\"de\",\"@id\":\"https:\/\/waves-system.com\/#\/schema\/logo\/image\/\",\"url\":\"https:\/\/waves-system.com\/wp-content\/uploads\/2024\/02\/Waves-system_LOGO-SEUL_NOIR_RVB.png\",\"contentUrl\":\"https:\/\/waves-system.com\/wp-content\/uploads\/2024\/02\/Waves-system_LOGO-SEUL_NOIR_RVB.png\",\"width\":827,\"height\":466,\"caption\":\"Waves system\"},\"image\":{\"@id\":\"https:\/\/waves-system.com\/#\/schema\/logo\/image\/\"},\"sameAs\":[\"https:\/\/www.facebook.com\/wavessystem\/\",\"https:\/\/www.linkedin.com\/company\/waves-system\/\"]}]}<\/script>\n<!-- \/ Yoast SEO plugin. -->","yoast_head_json":{"title":"Audio player mit Triggerung - Waves system","description":"L\u00f6sen Sie Audioinhalte ganz einfach mit einem eigenst\u00e4ndigen Audio player mit Triggerung. Hintergrundmusik, Audiokiosk, Beschallung.","robots":{"index":"index","follow":"follow","max-snippet":"max-snippet:-1","max-image-preview":"max-image-preview:large","max-video-preview":"max-video-preview:-1"},"canonical":"https:\/\/waves-system.com\/de\/audio-player\/","og_locale":"de_DE","og_type":"article","og_title":"Audio player mit Triggerung - Waves system","og_description":"L\u00f6sen Sie Audioinhalte ganz einfach mit einem eigenst\u00e4ndigen Audio player mit Triggerung. Hintergrundmusik, Audiokiosk, Beschallung.","og_url":"https:\/\/waves-system.com\/de\/audio-player\/","og_site_name":"Waves system","article_publisher":"https:\/\/www.facebook.com\/wavessystem\/","article_modified_time":"2024-06-18T09:43:54+00:00","og_image":[{"url":"https:\/\/waves-system.com\/wp-content\/uploads\/2021\/12\/glass-2557577-1024x683.jpg","type":"","width":"","height":""}],"twitter_card":"summary_large_image","twitter_misc":{"Gesch\u00e4tzte Lesezeit":"3\u00a0Minuten"},"schema":{"@context":"https:\/\/schema.org","@graph":[{"@type":"WebPage","@id":"https:\/\/waves-system.com\/de\/audio-player\/","url":"https:\/\/waves-system.com\/de\/audio-player\/","name":"Audio player mit Triggerung - Waves system","isPartOf":{"@id":"https:\/\/waves-system.com\/#website"},"primaryImageOfPage":{"@id":"https:\/\/waves-system.com\/de\/audio-player\/#primaryimage"},"image":{"@id":"https:\/\/waves-system.com\/de\/audio-player\/#primaryimage"},"thumbnailUrl":"https:\/\/waves-system.com\/wp-content\/uploads\/2021\/12\/glass-2557577-1024x683.jpg","datePublished":"2020-11-18T10:25:36+00:00","dateModified":"2024-06-18T09:43:54+00:00","description":"L\u00f6sen Sie Audioinhalte ganz einfach mit einem eigenst\u00e4ndigen Audio player mit Triggerung. Hintergrundmusik, Audiokiosk, Beschallung.","breadcrumb":{"@id":"https:\/\/waves-system.com\/de\/audio-player\/#breadcrumb"},"inLanguage":"de","potentialAction":[{"@type":"ReadAction","target":["https:\/\/waves-system.com\/de\/audio-player\/"]}]},{"@type":"ImageObject","inLanguage":"de","@id":"https:\/\/waves-system.com\/de\/audio-player\/#primaryimage","url":"https:\/\/waves-system.com\/wp-content\/uploads\/2021\/12\/glass-2557577-1024x683.jpg","contentUrl":"https:\/\/waves-system.com\/wp-content\/uploads\/2021\/12\/glass-2557577-1024x683.jpg"},{"@type":"BreadcrumbList","@id":"https:\/\/waves-system.com\/de\/audio-player\/#breadcrumb","itemListElement":[{"@type":"ListItem","position":1,"name":"Accueil","item":"https:\/\/waves-system.com\/de\/"},{"@type":"ListItem","position":2,"name":"Audio players"}]},{"@type":"WebSite","@id":"https:\/\/waves-system.com\/#website","url":"https:\/\/waves-system.com\/","name":"Waves system","description":"Smart Solutions for Creative people","publisher":{"@id":"https:\/\/waves-system.com\/#organization"},"potentialAction":[{"@type":"SearchAction","target":{"@type":"EntryPoint","urlTemplate":"https:\/\/waves-system.com\/?s={search_term_string}"},"query-input":{"@type":"PropertyValueSpecification","valueRequired":true,"valueName":"search_term_string"}}],"inLanguage":"de"},{"@type":"Organization","@id":"https:\/\/waves-system.com\/#organization","name":"Waves system","url":"https:\/\/waves-system.com\/","logo":{"@type":"ImageObject","inLanguage":"de","@id":"https:\/\/waves-system.com\/#\/schema\/logo\/image\/","url":"https:\/\/waves-system.com\/wp-content\/uploads\/2024\/02\/Waves-system_LOGO-SEUL_NOIR_RVB.png","contentUrl":"https:\/\/waves-system.com\/wp-content\/uploads\/2024\/02\/Waves-system_LOGO-SEUL_NOIR_RVB.png","width":827,"height":466,"caption":"Waves system"},"image":{"@id":"https:\/\/waves-system.com\/#\/schema\/logo\/image\/"},"sameAs":["https:\/\/www.facebook.com\/wavessystem\/","https:\/\/www.linkedin.com\/company\/waves-system\/"]}]}},"_links":{"self":[{"href":"https:\/\/waves-system.com\/de\/wp-json\/wp\/v2\/pages\/13568","targetHints":{"allow":["GET"]}}],"collection":[{"href":"https:\/\/waves-system.com\/de\/wp-json\/wp\/v2\/pages"}],"about":[{"href":"https:\/\/waves-system.com\/de\/wp-json\/wp\/v2\/types\/page"}],"author":[{"embeddable":true,"href":"https:\/\/waves-system.com\/de\/wp-json\/wp\/v2\/users\/7"}],"replies":[{"embeddable":true,"href":"https:\/\/waves-system.com\/de\/wp-json\/wp\/v2\/comments?post=13568"}],"version-history":[{"count":5,"href":"https:\/\/waves-system.com\/de\/wp-json\/wp\/v2\/pages\/13568\/revisions"}],"predecessor-version":[{"id":19114,"href":"https:\/\/waves-system.com\/de\/wp-json\/wp\/v2\/pages\/13568\/revisions\/19114"}],"wp:attachment":[{"href":"https:\/\/waves-system.com\/de\/wp-json\/wp\/v2\/media?parent=13568"}],"curies":[{"name":"wp","href":"https:\/\/api.w.org\/{rel}","templated":true}]}}