{"id":13520,"date":"2020-10-14T11:09:13","date_gmt":"2020-10-14T09:09:13","guid":{"rendered":"https:\/\/waves-system.com\/produit\/event-video-player-evp380\/"},"modified":"2023-07-04T18:27:48","modified_gmt":"2023-07-04T16:27:48","slug":"event-video-player-evp380","status":"publish","type":"product","link":"https:\/\/waves-system.com\/de\/produit\/event-video-player-evp380\/","title":{"rendered":"Event Video Player (EVP380)"},"content":{"rendered":"<h3>All-in-One-Show Kontrol\/Audio\/Video-Player<\/h3>\n<p>Der Event Video Player bietet eine einzigartige und vollst\u00e4ndige L\u00f6sung zur Show Kontrol (DMX512-Ausgang, Kontaktausg\u00e4nge und RS-232-Befehle) in perfekter Synchronisation mit der Audio-\/Videowiedergabe bis zu 4K HDR10-Aufl\u00f6sung.<\/p>\n<p>Mit der HTML5\/JavaScript-Engine bereichern Sie Ihre Videoinhalte mit dynamischen grafischen Oberfl\u00e4chen.<\/p>\n<p>Der Player verf\u00fcgt \u00fcber Line- und verst\u00e4rkte Audioausg\u00e4nge f\u00fcr Lautsprecher, die f\u00fcr alle Arten von Installationen geeignet sind.<\/p>\n<h3>Mehrere Ausl\u00f6ser und Szenarien<\/h3>\n<p>Ihre Szenarien k\u00f6nnen \u00fcber zahlreiche Schnittstellen gesteuert werden: automatische Wiedergabe beim Einschalten, Kontaktein- und -ausg\u00e4nge, Art-Net- oder DMX512-Befehle, Multitouch-Bildschirm, TCP\/IP- oder HTTP-Befehle, serielle Verbindung, Zeitprogrammierung.<\/p>\n<p>Gehen Sie noch einen Schritt weiter und entwickeln Sie Ihre HTML-Anwendungen, indem Sie die JavaScript-Steuerungs-APIs des Players integrieren, eine von der \u00d6ffentlichkeit genutzte Remote-Schnittstelle.<\/p>\n<h3>Zuverl\u00e4ssig und einfach zu installieren<\/h3>\n<p>Der Event Video Player ist f\u00fcr den 24\/7-Betrieb ausgelegt. Er wurde in Frankreich entwickelt und hergestellt und verf\u00fcgt \u00fcber eine 3-j\u00e4hrige Garantie.<\/p>\n<p>Zeichnen Sie die Show Controls in Art-Net oder DMX512 direkt von Ihrer Konsole oder Ihrer \u00fcblichen Software auf, oder erstellen Sie sie mit der speziellen Show Control Editor Software.<\/p>\n<p>Die Installation eines Event Video Players ist dank seiner Steckverbindungen und seines rackmontierbaren Formats schnell und einfach. Der direkte Zugriff auf die Inhalte macht Updates schnell und intuitiv.<\/p>\n<p>&nbsp;<\/p>\n","protected":false},"excerpt":{"rendered":"<ul>\n<li>DMX-Recorder von jeder DMX-Konsole oder Software.<\/li>\n<li>Show Control Player zur Synchronisation von Audio, Video und DMX512 Universum f\u00fcr professionelle Anwendungen in Museen, Verkaufsstellen und Escape Games.<\/li>\n<li>Ausgestattet mit 8 Eingangskontakten und 8 aktiven Ausgangskontakten.<\/li>\n<li>Dank der automatischen Wiedergabe kann die Show zu einem bestimmten Zeitpunkt ausgel\u00f6st werden.<\/li>\n<li>Waves System, Franz\u00f6sisch Hersteller mit Sitz in Nantes, sind unsere Leser in Frankreich gemacht.<\/li>\n<\/ul>\n<p style=\"text-align: center;\"><a href=\"https:\/\/waves-system.com\/de\/wavespark\/\"><img loading=\"lazy\" decoding=\"async\" class=\"aligncenter wp-image-16667 size-medium\" src=\"https:\/\/waves-system.com\/wp-content\/uploads\/2020\/10\/waves-park-logo-300x142.png\" alt=\"logo wavespark par waves system\" width=\"300\" height=\"142\" srcset=\"https:\/\/waves-system.com\/wp-content\/uploads\/2020\/10\/waves-park-logo-300x142.png 300w, https:\/\/waves-system.com\/wp-content\/uploads\/2020\/10\/waves-park-logo-64x30.png 64w, https:\/\/waves-system.com\/wp-content\/uploads\/2020\/10\/waves-park-logo-127x60.png 127w, https:\/\/waves-system.com\/wp-content\/uploads\/2020\/10\/waves-park-logo-190x90.png 190w, https:\/\/waves-system.com\/wp-content\/uploads\/2020\/10\/waves-park-logo.png 600w\" sizes=\"auto, (max-width: 300px) 100vw, 300px\" \/><\/a><strong>\u00dcberwachen Sie Ihre Spieler und aktualisieren Sie Ihre Wiedergabelisten mit unserer Cloud-L\u00f6sung!<\/strong><\/p>\n","protected":false},"featured_media":10474,"template":"","meta":[],"product_cat":[436,437],"product_tag":[],"class_list":{"0":"post-13520","1":"product","2":"type-product","3":"status-publish","4":"has-post-thumbnail","6":"product_cat-show-control-player-de","7":"product_cat-video-players-de","9":"first","10":"instock","11":"shipping-taxable","12":"purchasable","13":"product-type-simple"},"yoast_head":"<!-- This site is optimized with the Yoast SEO plugin v24.2 - https:\/\/yoast.com\/wordpress\/plugins\/seo\/ -->\n<title>Event Video Player (EVP380) - Waves system<\/title>\n<meta name=\"robots\" content=\"index, follow, max-snippet:-1, max-image-preview:large, max-video-preview:-1\" \/>\n<link rel=\"canonical\" href=\"https:\/\/waves-system.com\/de\/produit\/event-video-player-evp380\/\" \/>\n<meta property=\"og:locale\" content=\"de_DE\" \/>\n<meta property=\"og:type\" content=\"article\" \/>\n<meta property=\"og:title\" content=\"Event Video Player (EVP380) - Waves system\" \/>\n<meta property=\"og:description\" content=\"DMX-Recorder von jeder DMX-Konsole oder Software.  Show Control Player zur Synchronisation von Audio, Video und DMX512 Universum f\u00fcr professionelle Anwendungen in Museen, Verkaufsstellen und Escape Games.  Ausgestattet mit 8 Eingangskontakten und 8 aktiven Ausgangskontakten.  Dank der automatischen Wiedergabe kann die Show zu einem bestimmten Zeitpunkt ausgel\u00f6st werden.  Waves System, Franz\u00f6sisch Hersteller mit Sitz in Nantes, sind unsere Leser in Frankreich gemacht.  \u00dcberwachen Sie Ihre Spieler und aktualisieren Sie Ihre Wiedergabelisten mit unserer Cloud-L\u00f6sung!\" \/>\n<meta property=\"og:url\" content=\"https:\/\/waves-system.com\/de\/produit\/event-video-player-evp380\/\" \/>\n<meta property=\"og:site_name\" content=\"Waves system\" \/>\n<meta property=\"article:publisher\" content=\"https:\/\/www.facebook.com\/wavessystem\/\" \/>\n<meta property=\"article:modified_time\" content=\"2023-07-04T16:27:48+00:00\" \/>\n<meta property=\"og:image\" content=\"https:\/\/waves-system.com\/wp-content\/uploads\/2020\/10\/EVP380-Face-avant-Biais-gauche-dessus_1000.jpg\" \/>\n\t<meta property=\"og:image:width\" content=\"1000\" \/>\n\t<meta property=\"og:image:height\" content=\"1000\" \/>\n\t<meta property=\"og:image:type\" content=\"image\/jpeg\" \/>\n<meta name=\"twitter:card\" content=\"summary_large_image\" \/>\n<meta name=\"twitter:label1\" content=\"Gesch\u00e4tzte Lesezeit\" \/>\n\t<meta name=\"twitter:data1\" content=\"2\u00a0Minuten\" \/>\n<script type=\"application\/ld+json\" class=\"yoast-schema-graph\">{\"@context\":\"https:\/\/schema.org\",\"@graph\":[{\"@type\":\"WebPage\",\"@id\":\"https:\/\/waves-system.com\/de\/produit\/event-video-player-evp380\/\",\"url\":\"https:\/\/waves-system.com\/de\/produit\/event-video-player-evp380\/\",\"name\":\"Event Video Player (EVP380) - Waves system\",\"isPartOf\":{\"@id\":\"https:\/\/waves-system.com\/#website\"},\"primaryImageOfPage\":{\"@id\":\"https:\/\/waves-system.com\/de\/produit\/event-video-player-evp380\/#primaryimage\"},\"image\":{\"@id\":\"https:\/\/waves-system.com\/de\/produit\/event-video-player-evp380\/#primaryimage\"},\"thumbnailUrl\":\"https:\/\/waves-system.com\/wp-content\/uploads\/2020\/10\/EVP380-Face-avant-Biais-gauche-dessus_1000.jpg\",\"datePublished\":\"2020-10-14T09:09:13+00:00\",\"dateModified\":\"2023-07-04T16:27:48+00:00\",\"breadcrumb\":{\"@id\":\"https:\/\/waves-system.com\/de\/produit\/event-video-player-evp380\/#breadcrumb\"},\"inLanguage\":\"de\",\"potentialAction\":[{\"@type\":\"ReadAction\",\"target\":[\"https:\/\/waves-system.com\/de\/produit\/event-video-player-evp380\/\"]}]},{\"@type\":\"ImageObject\",\"inLanguage\":\"de\",\"@id\":\"https:\/\/waves-system.com\/de\/produit\/event-video-player-evp380\/#primaryimage\",\"url\":\"https:\/\/waves-system.com\/wp-content\/uploads\/2020\/10\/EVP380-Face-avant-Biais-gauche-dessus_1000.jpg\",\"contentUrl\":\"https:\/\/waves-system.com\/wp-content\/uploads\/2020\/10\/EVP380-Face-avant-Biais-gauche-dessus_1000.jpg\",\"width\":1000,\"height\":1000},{\"@type\":\"BreadcrumbList\",\"@id\":\"https:\/\/waves-system.com\/de\/produit\/event-video-player-evp380\/#breadcrumb\",\"itemListElement\":[{\"@type\":\"ListItem\",\"position\":1,\"name\":\"Accueil\",\"item\":\"https:\/\/waves-system.com\/de\/\"},{\"@type\":\"ListItem\",\"position\":2,\"name\":\"Boutique\",\"item\":\"https:\/\/waves-system.com\/boutique\/\"},{\"@type\":\"ListItem\",\"position\":3,\"name\":\"Event Video Player (EVP380)\"}]},{\"@type\":\"WebSite\",\"@id\":\"https:\/\/waves-system.com\/#website\",\"url\":\"https:\/\/waves-system.com\/\",\"name\":\"Waves system\",\"description\":\"Smart Solutions for Creative people\",\"publisher\":{\"@id\":\"https:\/\/waves-system.com\/#organization\"},\"potentialAction\":[{\"@type\":\"SearchAction\",\"target\":{\"@type\":\"EntryPoint\",\"urlTemplate\":\"https:\/\/waves-system.com\/?s={search_term_string}\"},\"query-input\":{\"@type\":\"PropertyValueSpecification\",\"valueRequired\":true,\"valueName\":\"search_term_string\"}}],\"inLanguage\":\"de\"},{\"@type\":\"Organization\",\"@id\":\"https:\/\/waves-system.com\/#organization\",\"name\":\"Waves system\",\"url\":\"https:\/\/waves-system.com\/\",\"logo\":{\"@type\":\"ImageObject\",\"inLanguage\":\"de\",\"@id\":\"https:\/\/waves-system.com\/#\/schema\/logo\/image\/\",\"url\":\"https:\/\/waves-system.com\/wp-content\/uploads\/2024\/02\/Waves-system_LOGO-SEUL_NOIR_RVB.png\",\"contentUrl\":\"https:\/\/waves-system.com\/wp-content\/uploads\/2024\/02\/Waves-system_LOGO-SEUL_NOIR_RVB.png\",\"width\":827,\"height\":466,\"caption\":\"Waves system\"},\"image\":{\"@id\":\"https:\/\/waves-system.com\/#\/schema\/logo\/image\/\"},\"sameAs\":[\"https:\/\/www.facebook.com\/wavessystem\/\",\"https:\/\/www.linkedin.com\/company\/waves-system\/\"]}]}<\/script>\n<!-- \/ Yoast SEO plugin. -->","yoast_head_json":{"title":"Event Video Player (EVP380) - Waves system","robots":{"index":"index","follow":"follow","max-snippet":"max-snippet:-1","max-image-preview":"max-image-preview:large","max-video-preview":"max-video-preview:-1"},"canonical":"https:\/\/waves-system.com\/de\/produit\/event-video-player-evp380\/","og_locale":"de_DE","og_type":"article","og_title":"Event Video Player (EVP380) - Waves system","og_description":"DMX-Recorder von jeder DMX-Konsole oder Software.  Show Control Player zur Synchronisation von Audio, Video und DMX512 Universum f\u00fcr professionelle Anwendungen in Museen, Verkaufsstellen und Escape Games.  Ausgestattet mit 8 Eingangskontakten und 8 aktiven Ausgangskontakten.  Dank der automatischen Wiedergabe kann die Show zu einem bestimmten Zeitpunkt ausgel\u00f6st werden.  Waves System, Franz\u00f6sisch Hersteller mit Sitz in Nantes, sind unsere Leser in Frankreich gemacht.  \u00dcberwachen Sie Ihre Spieler und aktualisieren Sie Ihre Wiedergabelisten mit unserer Cloud-L\u00f6sung!","og_url":"https:\/\/waves-system.com\/de\/produit\/event-video-player-evp380\/","og_site_name":"Waves system","article_publisher":"https:\/\/www.facebook.com\/wavessystem\/","article_modified_time":"2023-07-04T16:27:48+00:00","og_image":[{"width":1000,"height":1000,"url":"https:\/\/waves-system.com\/wp-content\/uploads\/2020\/10\/EVP380-Face-avant-Biais-gauche-dessus_1000.jpg","type":"image\/jpeg"}],"twitter_card":"summary_large_image","twitter_misc":{"Gesch\u00e4tzte Lesezeit":"2\u00a0Minuten"},"schema":{"@context":"https:\/\/schema.org","@graph":[{"@type":"WebPage","@id":"https:\/\/waves-system.com\/de\/produit\/event-video-player-evp380\/","url":"https:\/\/waves-system.com\/de\/produit\/event-video-player-evp380\/","name":"Event Video Player (EVP380) - Waves system","isPartOf":{"@id":"https:\/\/waves-system.com\/#website"},"primaryImageOfPage":{"@id":"https:\/\/waves-system.com\/de\/produit\/event-video-player-evp380\/#primaryimage"},"image":{"@id":"https:\/\/waves-system.com\/de\/produit\/event-video-player-evp380\/#primaryimage"},"thumbnailUrl":"https:\/\/waves-system.com\/wp-content\/uploads\/2020\/10\/EVP380-Face-avant-Biais-gauche-dessus_1000.jpg","datePublished":"2020-10-14T09:09:13+00:00","dateModified":"2023-07-04T16:27:48+00:00","breadcrumb":{"@id":"https:\/\/waves-system.com\/de\/produit\/event-video-player-evp380\/#breadcrumb"},"inLanguage":"de","potentialAction":[{"@type":"ReadAction","target":["https:\/\/waves-system.com\/de\/produit\/event-video-player-evp380\/"]}]},{"@type":"ImageObject","inLanguage":"de","@id":"https:\/\/waves-system.com\/de\/produit\/event-video-player-evp380\/#primaryimage","url":"https:\/\/waves-system.com\/wp-content\/uploads\/2020\/10\/EVP380-Face-avant-Biais-gauche-dessus_1000.jpg","contentUrl":"https:\/\/waves-system.com\/wp-content\/uploads\/2020\/10\/EVP380-Face-avant-Biais-gauche-dessus_1000.jpg","width":1000,"height":1000},{"@type":"BreadcrumbList","@id":"https:\/\/waves-system.com\/de\/produit\/event-video-player-evp380\/#breadcrumb","itemListElement":[{"@type":"ListItem","position":1,"name":"Accueil","item":"https:\/\/waves-system.com\/de\/"},{"@type":"ListItem","position":2,"name":"Boutique","item":"https:\/\/waves-system.com\/boutique\/"},{"@type":"ListItem","position":3,"name":"Event Video Player (EVP380)"}]},{"@type":"WebSite","@id":"https:\/\/waves-system.com\/#website","url":"https:\/\/waves-system.com\/","name":"Waves system","description":"Smart Solutions for Creative people","publisher":{"@id":"https:\/\/waves-system.com\/#organization"},"potentialAction":[{"@type":"SearchAction","target":{"@type":"EntryPoint","urlTemplate":"https:\/\/waves-system.com\/?s={search_term_string}"},"query-input":{"@type":"PropertyValueSpecification","valueRequired":true,"valueName":"search_term_string"}}],"inLanguage":"de"},{"@type":"Organization","@id":"https:\/\/waves-system.com\/#organization","name":"Waves system","url":"https:\/\/waves-system.com\/","logo":{"@type":"ImageObject","inLanguage":"de","@id":"https:\/\/waves-system.com\/#\/schema\/logo\/image\/","url":"https:\/\/waves-system.com\/wp-content\/uploads\/2024\/02\/Waves-system_LOGO-SEUL_NOIR_RVB.png","contentUrl":"https:\/\/waves-system.com\/wp-content\/uploads\/2024\/02\/Waves-system_LOGO-SEUL_NOIR_RVB.png","width":827,"height":466,"caption":"Waves system"},"image":{"@id":"https:\/\/waves-system.com\/#\/schema\/logo\/image\/"},"sameAs":["https:\/\/www.facebook.com\/wavessystem\/","https:\/\/www.linkedin.com\/company\/waves-system\/"]}]}},"_links":{"self":[{"href":"https:\/\/waves-system.com\/de\/wp-json\/wp\/v2\/product\/13520","targetHints":{"allow":["GET"]}}],"collection":[{"href":"https:\/\/waves-system.com\/de\/wp-json\/wp\/v2\/product"}],"about":[{"href":"https:\/\/waves-system.com\/de\/wp-json\/wp\/v2\/types\/product"}],"wp:featuredmedia":[{"embeddable":true,"href":"https:\/\/waves-system.com\/de\/wp-json\/wp\/v2\/media\/10474"}],"wp:attachment":[{"href":"https:\/\/waves-system.com\/de\/wp-json\/wp\/v2\/media?parent=13520"}],"wp:term":[{"taxonomy":"product_cat","embeddable":true,"href":"https:\/\/waves-system.com\/de\/wp-json\/wp\/v2\/product_cat?post=13520"},{"taxonomy":"product_tag","embeddable":true,"href":"https:\/\/waves-system.com\/de\/wp-json\/wp\/v2\/product_tag?post=13520"}],"curies":[{"name":"wp","href":"https:\/\/api.w.org\/{rel}","templated":true}]}}