{"id":13521,"date":"2020-10-14T11:09:12","date_gmt":"2020-10-27T15:28:27","guid":{"rendered":"https:\/\/waves-system.com\/produit\/my-video-player-vp330\/"},"modified":"2023-07-04T18:31:31","modified_gmt":"2023-07-04T16:31:31","slug":"my-video-player-vp330","status":"publish","type":"product","link":"https:\/\/waves-system.com\/de\/produit\/my-video-player-vp330\/","title":{"rendered":"My Video Player (VP330)"},"content":{"rendered":"","protected":false},"excerpt":{"rendered":"<ul>\n<li>4K-Videoplayer f\u00fcr professionelle Anwendungen in Museen, Einzelhandelsgesch\u00e4ften und \u00f6ffentlichen Einrichtungen.<\/li>\n<li>Einfach zu verwenden, um Videoinhalte zu \u00fcbertragen. Einfaches Konfigurieren mit der Fernbedienung.<\/li>\n<li>Ausgestattet mit 8 Eingangskontakten, um mehrere Sensoren zu verbinden.<\/li>\n<li>Ausgestattet mit 8 12V-Ausg\u00e4ngen zur Steuerung von Lichtern, Audioguides, Motoren, &#8230;<\/li>\n<li>Ausl\u00f6sung der Videos zu einer bestimmten Zeit dank der automatischen Wiedergabe.<\/li>\n<li>Waves System, franz\u00f6sischer Hersteller mit Sitz in Nantes, unsere Player werden in Frankreich hergestellt.<\/li>\n<\/ul>\n<p><a href=\"https:\/\/waves-system.com\/de\/wavespark\/\"><img loading=\"lazy\" decoding=\"async\" class=\"aligncenter wp-image-16667 size-medium\" src=\"https:\/\/waves-system.com\/wp-content\/uploads\/2020\/10\/waves-park-logo-300x142.png\" alt=\"logo wavespark par waves system\" width=\"300\" height=\"142\" srcset=\"https:\/\/waves-system.com\/wp-content\/uploads\/2020\/10\/waves-park-logo-300x142.png 300w, https:\/\/waves-system.com\/wp-content\/uploads\/2020\/10\/waves-park-logo-64x30.png 64w, https:\/\/waves-system.com\/wp-content\/uploads\/2020\/10\/waves-park-logo-127x60.png 127w, https:\/\/waves-system.com\/wp-content\/uploads\/2020\/10\/waves-park-logo-190x90.png 190w, https:\/\/waves-system.com\/wp-content\/uploads\/2020\/10\/waves-park-logo.png 600w\" sizes=\"auto, (max-width: 300px) 100vw, 300px\" \/><\/a><\/p>\n<p style=\"text-align: center;\"><strong>\u00dcberwachen Sie Ihre Spieler und aktualisieren Sie Ihre Wiedergabelisten mit unserer Cloud-L\u00f6sung!<\/strong><\/p>\n","protected":false},"featured_media":11521,"template":"","meta":[],"product_cat":[437],"product_tag":[],"class_list":{"0":"post-13521","1":"product","2":"type-product","3":"status-publish","4":"has-post-thumbnail","6":"product_cat-video-players-de","8":"first","9":"instock","10":"shipping-taxable","11":"purchasable","12":"product-type-simple"},"yoast_head":"<!-- This site is optimized with the Yoast SEO plugin v24.2 - https:\/\/yoast.com\/wordpress\/plugins\/seo\/ -->\n<title>My Video Player (VP330) - Waves system<\/title>\n<meta name=\"robots\" content=\"index, follow, max-snippet:-1, max-image-preview:large, max-video-preview:-1\" \/>\n<link rel=\"canonical\" href=\"https:\/\/waves-system.com\/de\/produit\/my-video-player-vp330\/\" \/>\n<meta property=\"og:locale\" content=\"de_DE\" \/>\n<meta property=\"og:type\" content=\"article\" \/>\n<meta property=\"og:title\" content=\"My Video Player (VP330) - Waves system\" \/>\n<meta property=\"og:description\" content=\"4K-Videoplayer f\u00fcr professionelle Anwendungen in Museen, Einzelhandelsgesch\u00e4ften und \u00f6ffentlichen Einrichtungen.  Einfach zu verwenden, um Videoinhalte zu \u00fcbertragen. Einfaches Konfigurieren mit der Fernbedienung.  Ausgestattet mit 8 Eingangskontakten, um mehrere Sensoren zu verbinden.  Ausgestattet mit 8 12V-Ausg\u00e4ngen zur Steuerung von Lichtern, Audioguides, Motoren, ...  Ausl\u00f6sung der Videos zu einer bestimmten Zeit dank der automatischen Wiedergabe.  Waves System, franz\u00f6sischer Hersteller mit Sitz in Nantes, unsere Player werden in Frankreich hergestellt.   \u00dcberwachen Sie Ihre Spieler und aktualisieren Sie Ihre Wiedergabelisten mit unserer Cloud-L\u00f6sung!\" \/>\n<meta property=\"og:url\" content=\"https:\/\/waves-system.com\/de\/produit\/my-video-player-vp330\/\" \/>\n<meta property=\"og:site_name\" content=\"Waves system\" \/>\n<meta property=\"article:publisher\" content=\"https:\/\/www.facebook.com\/wavessystem\/\" \/>\n<meta property=\"article:modified_time\" content=\"2023-07-04T16:31:31+00:00\" \/>\n<meta property=\"og:image\" content=\"https:\/\/waves-system.com\/wp-content\/uploads\/2020\/10\/VP3x0_face_avant_droite_1000x1000-1.jpg\" \/>\n\t<meta property=\"og:image:width\" content=\"1000\" \/>\n\t<meta property=\"og:image:height\" content=\"1000\" \/>\n\t<meta property=\"og:image:type\" content=\"image\/jpeg\" \/>\n<meta name=\"twitter:card\" content=\"summary_large_image\" \/>\n<script type=\"application\/ld+json\" class=\"yoast-schema-graph\">{\"@context\":\"https:\/\/schema.org\",\"@graph\":[{\"@type\":\"WebPage\",\"@id\":\"https:\/\/waves-system.com\/de\/produit\/my-video-player-vp330\/\",\"url\":\"https:\/\/waves-system.com\/de\/produit\/my-video-player-vp330\/\",\"name\":\"My Video Player (VP330) - Waves system\",\"isPartOf\":{\"@id\":\"https:\/\/waves-system.com\/#website\"},\"primaryImageOfPage\":{\"@id\":\"https:\/\/waves-system.com\/de\/produit\/my-video-player-vp330\/#primaryimage\"},\"image\":{\"@id\":\"https:\/\/waves-system.com\/de\/produit\/my-video-player-vp330\/#primaryimage\"},\"thumbnailUrl\":\"https:\/\/waves-system.com\/wp-content\/uploads\/2020\/10\/VP3x0_face_avant_droite_1000x1000-1.jpg\",\"datePublished\":\"2020-10-27T15:28:27+00:00\",\"dateModified\":\"2023-07-04T16:31:31+00:00\",\"breadcrumb\":{\"@id\":\"https:\/\/waves-system.com\/de\/produit\/my-video-player-vp330\/#breadcrumb\"},\"inLanguage\":\"de\",\"potentialAction\":[{\"@type\":\"ReadAction\",\"target\":[\"https:\/\/waves-system.com\/de\/produit\/my-video-player-vp330\/\"]}]},{\"@type\":\"ImageObject\",\"inLanguage\":\"de\",\"@id\":\"https:\/\/waves-system.com\/de\/produit\/my-video-player-vp330\/#primaryimage\",\"url\":\"https:\/\/waves-system.com\/wp-content\/uploads\/2020\/10\/VP3x0_face_avant_droite_1000x1000-1.jpg\",\"contentUrl\":\"https:\/\/waves-system.com\/wp-content\/uploads\/2020\/10\/VP3x0_face_avant_droite_1000x1000-1.jpg\",\"width\":1000,\"height\":1000},{\"@type\":\"BreadcrumbList\",\"@id\":\"https:\/\/waves-system.com\/de\/produit\/my-video-player-vp330\/#breadcrumb\",\"itemListElement\":[{\"@type\":\"ListItem\",\"position\":1,\"name\":\"Accueil\",\"item\":\"https:\/\/waves-system.com\/de\/\"},{\"@type\":\"ListItem\",\"position\":2,\"name\":\"Boutique\",\"item\":\"https:\/\/waves-system.com\/boutique\/\"},{\"@type\":\"ListItem\",\"position\":3,\"name\":\"My Video Player (VP330)\"}]},{\"@type\":\"WebSite\",\"@id\":\"https:\/\/waves-system.com\/#website\",\"url\":\"https:\/\/waves-system.com\/\",\"name\":\"Waves system\",\"description\":\"Smart Solutions for Creative people\",\"publisher\":{\"@id\":\"https:\/\/waves-system.com\/#organization\"},\"potentialAction\":[{\"@type\":\"SearchAction\",\"target\":{\"@type\":\"EntryPoint\",\"urlTemplate\":\"https:\/\/waves-system.com\/?s={search_term_string}\"},\"query-input\":{\"@type\":\"PropertyValueSpecification\",\"valueRequired\":true,\"valueName\":\"search_term_string\"}}],\"inLanguage\":\"de\"},{\"@type\":\"Organization\",\"@id\":\"https:\/\/waves-system.com\/#organization\",\"name\":\"Waves system\",\"url\":\"https:\/\/waves-system.com\/\",\"logo\":{\"@type\":\"ImageObject\",\"inLanguage\":\"de\",\"@id\":\"https:\/\/waves-system.com\/#\/schema\/logo\/image\/\",\"url\":\"https:\/\/waves-system.com\/wp-content\/uploads\/2024\/02\/Waves-system_LOGO-SEUL_NOIR_RVB.png\",\"contentUrl\":\"https:\/\/waves-system.com\/wp-content\/uploads\/2024\/02\/Waves-system_LOGO-SEUL_NOIR_RVB.png\",\"width\":827,\"height\":466,\"caption\":\"Waves system\"},\"image\":{\"@id\":\"https:\/\/waves-system.com\/#\/schema\/logo\/image\/\"},\"sameAs\":[\"https:\/\/www.facebook.com\/wavessystem\/\",\"https:\/\/www.linkedin.com\/company\/waves-system\/\"]}]}<\/script>\n<!-- \/ Yoast SEO plugin. -->","yoast_head_json":{"title":"My Video Player (VP330) - Waves system","robots":{"index":"index","follow":"follow","max-snippet":"max-snippet:-1","max-image-preview":"max-image-preview:large","max-video-preview":"max-video-preview:-1"},"canonical":"https:\/\/waves-system.com\/de\/produit\/my-video-player-vp330\/","og_locale":"de_DE","og_type":"article","og_title":"My Video Player (VP330) - Waves system","og_description":"4K-Videoplayer f\u00fcr professionelle Anwendungen in Museen, Einzelhandelsgesch\u00e4ften und \u00f6ffentlichen Einrichtungen.  Einfach zu verwenden, um Videoinhalte zu \u00fcbertragen. Einfaches Konfigurieren mit der Fernbedienung.  Ausgestattet mit 8 Eingangskontakten, um mehrere Sensoren zu verbinden.  Ausgestattet mit 8 12V-Ausg\u00e4ngen zur Steuerung von Lichtern, Audioguides, Motoren, ...  Ausl\u00f6sung der Videos zu einer bestimmten Zeit dank der automatischen Wiedergabe.  Waves System, franz\u00f6sischer Hersteller mit Sitz in Nantes, unsere Player werden in Frankreich hergestellt.   \u00dcberwachen Sie Ihre Spieler und aktualisieren Sie Ihre Wiedergabelisten mit unserer Cloud-L\u00f6sung!","og_url":"https:\/\/waves-system.com\/de\/produit\/my-video-player-vp330\/","og_site_name":"Waves system","article_publisher":"https:\/\/www.facebook.com\/wavessystem\/","article_modified_time":"2023-07-04T16:31:31+00:00","og_image":[{"width":1000,"height":1000,"url":"https:\/\/waves-system.com\/wp-content\/uploads\/2020\/10\/VP3x0_face_avant_droite_1000x1000-1.jpg","type":"image\/jpeg"}],"twitter_card":"summary_large_image","schema":{"@context":"https:\/\/schema.org","@graph":[{"@type":"WebPage","@id":"https:\/\/waves-system.com\/de\/produit\/my-video-player-vp330\/","url":"https:\/\/waves-system.com\/de\/produit\/my-video-player-vp330\/","name":"My Video Player (VP330) - Waves system","isPartOf":{"@id":"https:\/\/waves-system.com\/#website"},"primaryImageOfPage":{"@id":"https:\/\/waves-system.com\/de\/produit\/my-video-player-vp330\/#primaryimage"},"image":{"@id":"https:\/\/waves-system.com\/de\/produit\/my-video-player-vp330\/#primaryimage"},"thumbnailUrl":"https:\/\/waves-system.com\/wp-content\/uploads\/2020\/10\/VP3x0_face_avant_droite_1000x1000-1.jpg","datePublished":"2020-10-27T15:28:27+00:00","dateModified":"2023-07-04T16:31:31+00:00","breadcrumb":{"@id":"https:\/\/waves-system.com\/de\/produit\/my-video-player-vp330\/#breadcrumb"},"inLanguage":"de","potentialAction":[{"@type":"ReadAction","target":["https:\/\/waves-system.com\/de\/produit\/my-video-player-vp330\/"]}]},{"@type":"ImageObject","inLanguage":"de","@id":"https:\/\/waves-system.com\/de\/produit\/my-video-player-vp330\/#primaryimage","url":"https:\/\/waves-system.com\/wp-content\/uploads\/2020\/10\/VP3x0_face_avant_droite_1000x1000-1.jpg","contentUrl":"https:\/\/waves-system.com\/wp-content\/uploads\/2020\/10\/VP3x0_face_avant_droite_1000x1000-1.jpg","width":1000,"height":1000},{"@type":"BreadcrumbList","@id":"https:\/\/waves-system.com\/de\/produit\/my-video-player-vp330\/#breadcrumb","itemListElement":[{"@type":"ListItem","position":1,"name":"Accueil","item":"https:\/\/waves-system.com\/de\/"},{"@type":"ListItem","position":2,"name":"Boutique","item":"https:\/\/waves-system.com\/boutique\/"},{"@type":"ListItem","position":3,"name":"My Video Player (VP330)"}]},{"@type":"WebSite","@id":"https:\/\/waves-system.com\/#website","url":"https:\/\/waves-system.com\/","name":"Waves system","description":"Smart Solutions for Creative people","publisher":{"@id":"https:\/\/waves-system.com\/#organization"},"potentialAction":[{"@type":"SearchAction","target":{"@type":"EntryPoint","urlTemplate":"https:\/\/waves-system.com\/?s={search_term_string}"},"query-input":{"@type":"PropertyValueSpecification","valueRequired":true,"valueName":"search_term_string"}}],"inLanguage":"de"},{"@type":"Organization","@id":"https:\/\/waves-system.com\/#organization","name":"Waves system","url":"https:\/\/waves-system.com\/","logo":{"@type":"ImageObject","inLanguage":"de","@id":"https:\/\/waves-system.com\/#\/schema\/logo\/image\/","url":"https:\/\/waves-system.com\/wp-content\/uploads\/2024\/02\/Waves-system_LOGO-SEUL_NOIR_RVB.png","contentUrl":"https:\/\/waves-system.com\/wp-content\/uploads\/2024\/02\/Waves-system_LOGO-SEUL_NOIR_RVB.png","width":827,"height":466,"caption":"Waves system"},"image":{"@id":"https:\/\/waves-system.com\/#\/schema\/logo\/image\/"},"sameAs":["https:\/\/www.facebook.com\/wavessystem\/","https:\/\/www.linkedin.com\/company\/waves-system\/"]}]}},"_links":{"self":[{"href":"https:\/\/waves-system.com\/de\/wp-json\/wp\/v2\/product\/13521","targetHints":{"allow":["GET"]}}],"collection":[{"href":"https:\/\/waves-system.com\/de\/wp-json\/wp\/v2\/product"}],"about":[{"href":"https:\/\/waves-system.com\/de\/wp-json\/wp\/v2\/types\/product"}],"wp:featuredmedia":[{"embeddable":true,"href":"https:\/\/waves-system.com\/de\/wp-json\/wp\/v2\/media\/11521"}],"wp:attachment":[{"href":"https:\/\/waves-system.com\/de\/wp-json\/wp\/v2\/media?parent=13521"}],"wp:term":[{"taxonomy":"product_cat","embeddable":true,"href":"https:\/\/waves-system.com\/de\/wp-json\/wp\/v2\/product_cat?post=13521"},{"taxonomy":"product_tag","embeddable":true,"href":"https:\/\/waves-system.com\/de\/wp-json\/wp\/v2\/product_tag?post=13521"}],"curies":[{"name":"wp","href":"https:\/\/api.w.org\/{rel}","templated":true}]}}